{"id":315,"date":"2019-07-18T09:46:13","date_gmt":"2019-07-18T07:46:13","guid":{"rendered":"http:\/\/w.strojsros.sk\/services\/cierna-ocel\/"},"modified":"2021-01-14T15:52:33","modified_gmt":"2021-01-14T14:52:33","slug":"black-steel","status":"publish","type":"page","link":"https:\/\/strojsros.sk\/en\/services\/black-steel\/","title":{"rendered":"Black steel"},"content":{"rendered":"","protected":false},"excerpt":{"rendered":"","protected":false},"author":1,"featured_media":590,"parent":310,"menu_order":0,"comment_status":"closed","ping_status":"closed","template":"page-templates\/service.php","meta":[],"acf":[],"yoast_head":"<!-- This site is optimized with the Yoast SEO plugin v20.3 - https:\/\/yoast.com\/wordpress\/plugins\/seo\/ -->\n<title>Black steel | STROJSROS<\/title>\n<meta name=\"robots\" content=\"index, follow, max-snippet:-1, max-image-preview:large, max-video-preview:-1\" \/>\n<link rel=\"canonical\" href=\"https:\/\/strojsros.sk\/en\/services\/black-steel\/\" \/>\n<meta property=\"og:locale\" content=\"en_US\" \/>\n<meta property=\"og:type\" content=\"article\" \/>\n<meta property=\"og:title\" content=\"Black steel | STROJSROS\" \/>\n<meta property=\"og:url\" content=\"https:\/\/strojsros.sk\/en\/services\/black-steel\/\" \/>\n<meta property=\"og:site_name\" content=\"STROJSROS\" \/>\n<meta property=\"article:modified_time\" content=\"2021-01-14T14:52:33+00:00\" \/>\n<meta property=\"og:image\" content=\"https:\/\/strojsros.sk\/wp-content\/uploads\/2019\/09\/nerez-banner.jpg\" \/>\n\t<meta property=\"og:image:width\" content=\"2000\" \/>\n\t<meta property=\"og:image:height\" content=\"600\" \/>\n\t<meta property=\"og:image:type\" content=\"image\/jpeg\" \/>\n<meta name=\"twitter:card\" content=\"summary_large_image\" \/>\n<script type=\"application\/ld+json\" class=\"yoast-schema-graph\">{\"@context\":\"https:\/\/schema.org\",\"@graph\":[{\"@type\":\"WebPage\",\"@id\":\"https:\/\/strojsros.sk\/en\/services\/black-steel\/\",\"url\":\"https:\/\/strojsros.sk\/en\/services\/black-steel\/\",\"name\":\"Black steel | STROJSROS\",\"isPartOf\":{\"@id\":\"https:\/\/strojsros.sk\/en\/#website\"},\"datePublished\":\"2019-07-18T07:46:13+00:00\",\"dateModified\":\"2021-01-14T14:52:33+00:00\",\"breadcrumb\":{\"@id\":\"https:\/\/strojsros.sk\/en\/services\/black-steel\/#breadcrumb\"},\"inLanguage\":\"en-US\",\"potentialAction\":[{\"@type\":\"ReadAction\",\"target\":[\"https:\/\/strojsros.sk\/en\/services\/black-steel\/\"]}]},{\"@type\":\"BreadcrumbList\",\"@id\":\"https:\/\/strojsros.sk\/en\/services\/black-steel\/#breadcrumb\",\"itemListElement\":[{\"@type\":\"ListItem\",\"position\":1,\"name\":\"Home\",\"item\":\"https:\/\/strojsros.sk\/en\/\"},{\"@type\":\"ListItem\",\"position\":2,\"name\":\"Services\",\"item\":\"https:\/\/strojsros.sk\/en\/services\/\"},{\"@type\":\"ListItem\",\"position\":3,\"name\":\"Black steel\"}]},{\"@type\":\"WebSite\",\"@id\":\"https:\/\/strojsros.sk\/en\/#website\",\"url\":\"https:\/\/strojsros.sk\/en\/\",\"name\":\"STROJSROS\",\"description\":\"Len \u010fal\u0161ia WordPress str\u00e1nka\",\"potentialAction\":[{\"@type\":\"SearchAction\",\"target\":{\"@type\":\"EntryPoint\",\"urlTemplate\":\"https:\/\/strojsros.sk\/en\/?s={search_term_string}\"},\"query-input\":\"required name=search_term_string\"}],\"inLanguage\":\"en-US\"}]}<\/script>\n<!-- \/ Yoast SEO plugin. -->","yoast_head_json":{"title":"Black steel | STROJSROS","robots":{"index":"index","follow":"follow","max-snippet":"max-snippet:-1","max-image-preview":"max-image-preview:large","max-video-preview":"max-video-preview:-1"},"canonical":"https:\/\/strojsros.sk\/en\/services\/black-steel\/","og_locale":"en_US","og_type":"article","og_title":"Black steel | STROJSROS","og_url":"https:\/\/strojsros.sk\/en\/services\/black-steel\/","og_site_name":"STROJSROS","article_modified_time":"2021-01-14T14:52:33+00:00","og_image":[{"width":2000,"height":600,"url":"https:\/\/strojsros.sk\/wp-content\/uploads\/2019\/09\/nerez-banner.jpg","type":"image\/jpeg"}],"twitter_card":"summary_large_image","schema":{"@context":"https:\/\/schema.org","@graph":[{"@type":"WebPage","@id":"https:\/\/strojsros.sk\/en\/services\/black-steel\/","url":"https:\/\/strojsros.sk\/en\/services\/black-steel\/","name":"Black steel | STROJSROS","isPartOf":{"@id":"https:\/\/strojsros.sk\/en\/#website"},"datePublished":"2019-07-18T07:46:13+00:00","dateModified":"2021-01-14T14:52:33+00:00","breadcrumb":{"@id":"https:\/\/strojsros.sk\/en\/services\/black-steel\/#breadcrumb"},"inLanguage":"en-US","potentialAction":[{"@type":"ReadAction","target":["https:\/\/strojsros.sk\/en\/services\/black-steel\/"]}]},{"@type":"BreadcrumbList","@id":"https:\/\/strojsros.sk\/en\/services\/black-steel\/#breadcrumb","itemListElement":[{"@type":"ListItem","position":1,"name":"Home","item":"https:\/\/strojsros.sk\/en\/"},{"@type":"ListItem","position":2,"name":"Services","item":"https:\/\/strojsros.sk\/en\/services\/"},{"@type":"ListItem","position":3,"name":"Black steel"}]},{"@type":"WebSite","@id":"https:\/\/strojsros.sk\/en\/#website","url":"https:\/\/strojsros.sk\/en\/","name":"STROJSROS","description":"Len \u010fal\u0161ia WordPress str\u00e1nka","potentialAction":[{"@type":"SearchAction","target":{"@type":"EntryPoint","urlTemplate":"https:\/\/strojsros.sk\/en\/?s={search_term_string}"},"query-input":"required name=search_term_string"}],"inLanguage":"en-US"}]}},"_links":{"self":[{"href":"https:\/\/strojsros.sk\/en\/wp-json\/wp\/v2\/pages\/315"}],"collection":[{"href":"https:\/\/strojsros.sk\/en\/wp-json\/wp\/v2\/pages"}],"about":[{"href":"https:\/\/strojsros.sk\/en\/wp-json\/wp\/v2\/types\/page"}],"author":[{"embeddable":true,"href":"https:\/\/strojsros.sk\/en\/wp-json\/wp\/v2\/users\/1"}],"replies":[{"embeddable":true,"href":"https:\/\/strojsros.sk\/en\/wp-json\/wp\/v2\/comments?post=315"}],"version-history":[{"count":7,"href":"https:\/\/strojsros.sk\/en\/wp-json\/wp\/v2\/pages\/315\/revisions"}],"predecessor-version":[{"id":1032,"href":"https:\/\/strojsros.sk\/en\/wp-json\/wp\/v2\/pages\/315\/revisions\/1032"}],"up":[{"embeddable":true,"href":"https:\/\/strojsros.sk\/en\/wp-json\/wp\/v2\/pages\/310"}],"wp:featuredmedia":[{"embeddable":true,"href":"https:\/\/strojsros.sk\/en\/wp-json\/wp\/v2\/media\/590"}],"wp:attachment":[{"href":"https:\/\/strojsros.sk\/en\/wp-json\/wp\/v2\/media?parent=315"}],"curies":[{"name":"wp","href":"https:\/\/api.w.org\/{rel}","templated":true}]}}